{"id":1127,"date":"2023-07-13T06:21:31","date_gmt":"2023-07-13T05:21:31","guid":{"rendered":"https:\/\/empresesinserciobalears.org\/documents\/"},"modified":"2025-08-22T08:09:54","modified_gmt":"2025-08-22T07:09:54","slug":"documentos","status":"publish","type":"page","link":"https:\/\/empresesinserciobalears.org\/es\/documentos\/","title":{"rendered":"Documentos"},"content":{"rendered":"<p>[et_pb_section fb_built=\u00bb1&#8243; _builder_version=\u00bb4.22.2&#8243; _module_preset=\u00bbdefault\u00bb background_image=\u00bbhttps:\/\/empresesinserciobalears.org\/wp-content\/uploads\/2023\/10\/Bk_50.jpg\u00bb custom_margin=\u00bb0px|0px|0px|0px|false|false\u00bb custom_padding=\u00bb0px|0px|0px|0px|false|false\u00bb global_colors_info=\u00bb{}\u00bb][et_pb_row _builder_version=\u00bb4.22.2&#8243; _module_preset=\u00bbdefault\u00bb global_colors_info=\u00bb{}\u00bb][et_pb_column type=\u00bb4_4&#8243; _builder_version=\u00bb4.22.2&#8243; _module_preset=\u00bbdefault\u00bb global_colors_info=\u00bb{}\u00bb][et_pb_post_title meta=\u00bboff\u00bb featured_image=\u00bboff\u00bb _builder_version=\u00bb4.27.4&#8243; _module_preset=\u00bbdefault\u00bb background_enable_image=\u00bboff\u00bb text_orientation=\u00bbcenter\u00bb width=\u00bb100%\u00bb max_width=\u00bb100%\u00bb custom_padding=\u00bb6%||2%||false|false\u00bb global_colors_info=\u00bb{}\u00bb][\/et_pb_post_title][\/et_pb_column][\/et_pb_row][et_pb_row column_structure=\u00bb1_3,1_3,1_3&#8243; _builder_version=\u00bb4.26.0&#8243; _module_preset=\u00bbdefault\u00bb global_colors_info=\u00bb{}\u00bb][et_pb_column type=\u00bb1_3&#8243; _builder_version=\u00bb4.26.0&#8243; _module_preset=\u00bbdefault\u00bb global_colors_info=\u00bb{}\u00bb][et_pb_blurb title=\u00bbMemoria empresas de inserci\u00f3n Illes Balears 2024&#8243; url=\u00bbhttps:\/\/empresesinserciobalears.org\/wp-content\/uploads\/2025\/07\/Memoria-2024-Empreses-dInsercio-Illes-Balears.pdf\u00bb url_new_window=\u00bbon\u00bb image=\u00bbhttps:\/\/empresesinserciobalears.org\/wp-content\/uploads\/2025\/07\/memoria-2024-digital-1_page-0001.jpg\u00bb content_max_width=\u00bb300px\u00bb _builder_version=\u00bb4.27.4&#8243; _module_preset=\u00bbdefault\u00bb global_colors_info=\u00bb{}\u00bb]<\/p>\n<p><a href=\"https:\/\/empresesinserciobalears.org\/wp-content\/uploads\/2025\/07\/Memoria-2024-Empreses-dInsercio-Illes-Balears.pdf\" target=\"_blank\" rel=\"noopener\">Descarga de la memoria de 2024 (en catal\u00e1n)<\/a><\/p>\n<p>[\/et_pb_blurb][\/et_pb_column][et_pb_column type=\u00bb1_3&#8243; _builder_version=\u00bb4.27.4&#8243; _module_preset=\u00bbdefault\u00bb global_colors_info=\u00bb{}\u00bb][et_pb_blurb title=\u00bbMemoria empresas de inserci\u00f3n Illes Balears 2023&#8243; url=\u00bbhttps:\/\/empresesinserciobalears.org\/wp-content\/uploads\/2024\/07\/memo-EMPRESES-INSERCIO-2023-1.pdf\u00bb url_new_window=\u00bbon\u00bb image=\u00bbhttps:\/\/empresesinserciobalears.org\/wp-content\/uploads\/2024\/07\/memo-EMPRESES-INSERCIO-2023_pages-to-jpg-0001.jpg\u00bb content_max_width=\u00bb300px\u00bb _builder_version=\u00bb4.27.4&#8243; _module_preset=\u00bbdefault\u00bb global_colors_info=\u00bb{}\u00bb]<\/p>\n<p><a href=\"https:\/\/empresesinserciobalears.org\/wp-content\/uploads\/2024\/07\/memo-EMPRESES-INSERCIO-2023-1.pdf\" target=\"_blank\" rel=\"noopener\">Descarga de la memoria de 2023 (en catal\u00e1n)<\/a><\/p>\n<p>[\/et_pb_blurb][\/et_pb_column][et_pb_column type=\u00bb1_3&#8243; _builder_version=\u00bb4.26.0&#8243; _module_preset=\u00bbdefault\u00bb global_colors_info=\u00bb{}\u00bb][et_pb_blurb title=\u00bbMemoria empresas de inserci\u00f3n Illes Balears 2022&#8243; url=\u00bbhttps:\/\/empresesinserciobalears.org\/wp-content\/uploads\/2023\/12\/memoria-2022-empreses-insercio-ib.pdf\u00bb url_new_window=\u00bbon\u00bb image=\u00bbhttps:\/\/empresesinserciobalears.org\/wp-content\/uploads\/2023\/12\/memoria.png\u00bb content_max_width=\u00bb300px\u00bb _builder_version=\u00bb4.27.4&#8243; _module_preset=\u00bbdefault\u00bb global_colors_info=\u00bb{}\u00bb]<\/p>\n<p><a href=\"https:\/\/empresesinserciobalears.org\/wp-content\/uploads\/2023\/12\/memoria-2022-empreses-insercio-ib.pdf\" target=\"_blank\" rel=\"noopener\">Descarga de la memoria de 2022 (en catal\u00e1n)<\/a><\/p>\n<p>[\/et_pb_blurb][\/et_pb_column][\/et_pb_row][\/et_pb_section][et_pb_section fb_built=\u00bb1&#8243; _builder_version=\u00bb4.22.2&#8243; _module_preset=\u00bbdefault\u00bb global_colors_info=\u00bb{}\u00bb][et_pb_row column_structure=\u00bb1_5,1_5,1_5,1_5,1_5&#8243; _builder_version=\u00bb4.27.4&#8243; _module_preset=\u00bbdefault\u00bb min_height=\u00bb235px\u00bb global_colors_info=\u00bb{}\u00bb][et_pb_column type=\u00bb1_5&#8243; _builder_version=\u00bb4.27.4&#8243; _module_preset=\u00bbdefault\u00bb link_option_url=\u00bbhttps:\/\/empresesinserciobalears.org\/som-persones\/\u00bb link_option_url_new_window=\u00bbon\u00bb global_colors_info=\u00bb{}\u00bb][et_pb_button button_url=\u00bbhttps:\/\/empresesinserciobalears.org\/empreses-dinsercio-illes-balears\/\u00bb url_new_window=\u00bbon\u00bb button_text=\u00bbAnunci IB3 TV %22Empreses d&#8217;Inserci\u00f3 Illes Balears%22&#8243; _builder_version=\u00bb4.27.4&#8243; _module_preset=\u00bbdefault\u00bb global_colors_info=\u00bb{}\u00bb][\/et_pb_button][\/et_pb_column][et_pb_column type=\u00bb1_5&#8243; _builder_version=\u00bb4.27.4&#8243; _module_preset=\u00bbdefault\u00bb global_colors_info=\u00bb{}\u00bb][et_pb_button button_url=\u00bbhttps:\/\/empresesinserciobalears.org\/som-persones\/\u00bb url_new_window=\u00bbon\u00bb button_text=\u00bbVideo %22Som Persones%22&#8243; _builder_version=\u00bb4.27.4&#8243; _module_preset=\u00bbdefault\u00bb global_colors_info=\u00bb{}\u00bb][\/et_pb_button][\/et_pb_column][et_pb_column type=\u00bb1_5&#8243; _builder_version=\u00bb4.27.4&#8243; _module_preset=\u00bbdefault\u00bb global_colors_info=\u00bb{}\u00bb][et_pb_button button_url=\u00bbhttps:\/\/empresesinserciobalears.org\/retorn-social-empreses-insercio\/\u00bb url_new_window=\u00bbon\u00bb button_text=\u00bbVideo %22Retorn social de les empreses d&#8217;inserci\u00f3%22 (animaci\u00f3)\u00bb _builder_version=\u00bb4.27.4&#8243; _module_preset=\u00bbdefault\u00bb global_colors_info=\u00bb{}\u00bb][\/et_pb_button][\/et_pb_column][et_pb_column type=\u00bb1_5&#8243; _builder_version=\u00bb4.27.4&#8243; _module_preset=\u00bbdefault\u00bb global_colors_info=\u00bb{}\u00bb][et_pb_button button_url=\u00bbhttps:\/\/empresesinserciobalears.org\/contractacio-treballadors-insercio\/\u00bb url_new_window=\u00bbon\u00bb button_text=\u00bbVideo %22Contractaci\u00f3 treballadors empreses d&#8217;inserci\u00f3%22&#8243; _builder_version=\u00bb4.27.4&#8243; _module_preset=\u00bbdefault\u00bb global_colors_info=\u00bb{}\u00bb][\/et_pb_button][\/et_pb_column][et_pb_column type=\u00bb1_5&#8243; _builder_version=\u00bb4.27.4&#8243; _module_preset=\u00bbdefault\u00bb global_colors_info=\u00bb{}\u00bb][et_pb_button button_url=\u00bbhttps:\/\/empresesinserciobalears.org\/contractacio-serveis-empreses-insercio\/\u00bb url_new_window=\u00bbon\u00bb button_text=\u00bbVideo %22Contractaci\u00f3 serveis empreses d&#8217;inserci\u00f3%22&#8243; _builder_version=\u00bb4.27.4&#8243; _module_preset=\u00bbdefault\u00bb global_colors_info=\u00bb{}\u00bb][\/et_pb_button][\/et_pb_column][\/et_pb_row][et_pb_row column_structure=\u00bb1_5,1_5,1_5,1_5,1_5&#8243; _builder_version=\u00bb4.27.4&#8243; _module_preset=\u00bbdefault\u00bb global_colors_info=\u00bb{}\u00bb][et_pb_column type=\u00bb1_5&#8243; _builder_version=\u00bb4.27.4&#8243; _module_preset=\u00bbdefault\u00bb link_option_url=\u00bbhttps:\/\/empresesinserciobalears.org\/som-persones\/\u00bb link_option_url_new_window=\u00bbon\u00bb global_colors_info=\u00bb{}\u00bb][et_pb_button button_url=\u00bbhttps:\/\/empresesinserciobalears.org\/som-projecte-home\/\u00bb url_new_window=\u00bbon\u00bb button_text=\u00bbVideo %22Som Projecte Home%22&#8243; _builder_version=\u00bb4.27.4&#8243; _module_preset=\u00bbdefault\u00bb global_colors_info=\u00bb{}\u00bb][\/et_pb_button][\/et_pb_column][et_pb_column type=\u00bb1_5&#8243; _builder_version=\u00bb4.27.4&#8243; _module_preset=\u00bbdefault\u00bb global_colors_info=\u00bb{}\u00bb][et_pb_button button_url=\u00bbhttps:\/\/empresesinserciobalears.org\/som-mestral\/\u00bb url_new_window=\u00bbon\u00bb button_text=\u00bbVideo %22Som Mestral Inserci\u00f3%22&#8243; _builder_version=\u00bb4.27.4&#8243; _module_preset=\u00bbdefault\u00bb global_colors_info=\u00bb{}\u00bb][\/et_pb_button][\/et_pb_column][et_pb_column type=\u00bb1_5&#8243; _builder_version=\u00bb4.27.4&#8243; _module_preset=\u00bbdefault\u00bb global_colors_info=\u00bb{}\u00bb][et_pb_button button_url=\u00bbhttps:\/\/empresesinserciobalears.org\/som-eines-x-insercio\/\u00bb url_new_window=\u00bbon\u00bb button_text=\u00bbVideo %22Som Eines x Inserci\u00f3%22&#8243; _builder_version=\u00bb4.27.4&#8243; _module_preset=\u00bbdefault\u00bb global_colors_info=\u00bb{}\u00bb][\/et_pb_button][\/et_pb_column][et_pb_column type=\u00bb1_5&#8243; _builder_version=\u00bb4.27.4&#8243; _module_preset=\u00bbdefault\u00bb global_colors_info=\u00bb{}\u00bb][et_pb_button button_url=\u00bbhttps:\/\/empresesinserciobalears.org\/som-deixalles-serveis-ambientals\/\u00bb url_new_window=\u00bbon\u00bb button_text=\u00bbVideo %22Som Deixalles Serveis Ambientals%22&#8243; _builder_version=\u00bb4.27.4&#8243; _module_preset=\u00bbdefault\u00bb global_colors_info=\u00bb{}\u00bb][\/et_pb_button][\/et_pb_column][et_pb_column type=\u00bb1_5&#8243; _builder_version=\u00bb4.27.4&#8243; _module_preset=\u00bbdefault\u00bb global_colors_info=\u00bb{}\u00bb][et_pb_button button_url=\u00bbhttps:\/\/empresesinserciobalears.org\/som-deixalles-insercio-i-triatge\/\u00bb url_new_window=\u00bbon\u00bb button_text=\u00bbVideo %22Som Deixalles Inserci\u00f3 i Triatge%22&#8243; _builder_version=\u00bb4.27.4&#8243; _module_preset=\u00bbdefault\u00bb global_colors_info=\u00bb{}\u00bb][\/et_pb_button][\/et_pb_column][\/et_pb_row][\/et_pb_section]<\/p>\n","protected":false},"excerpt":{"rendered":"<p>Descarga de la memoria de 2024 (en catal\u00e1n)Descarga de la memoria de 2023 (en catal\u00e1n)Descarga de la memoria de 2022 (en catal\u00e1n)<\/p>\n","protected":false},"author":4,"featured_media":1371,"parent":0,"menu_order":0,"comment_status":"closed","ping_status":"closed","template":"","meta":{"_acf_changed":false,"_et_pb_use_builder":"on","_et_pb_old_content":"","_et_gb_content_width":"","footnotes":""},"class_list":["post-1127","page","type-page","status-publish","has-post-thumbnail","hentry"],"acf":[],"_links":{"self":[{"href":"https:\/\/empresesinserciobalears.org\/es\/wp-json\/wp\/v2\/pages\/1127","targetHints":{"allow":["GET"]}}],"collection":[{"href":"https:\/\/empresesinserciobalears.org\/es\/wp-json\/wp\/v2\/pages"}],"about":[{"href":"https:\/\/empresesinserciobalears.org\/es\/wp-json\/wp\/v2\/types\/page"}],"author":[{"embeddable":true,"href":"https:\/\/empresesinserciobalears.org\/es\/wp-json\/wp\/v2\/users\/4"}],"replies":[{"embeddable":true,"href":"https:\/\/empresesinserciobalears.org\/es\/wp-json\/wp\/v2\/comments?post=1127"}],"version-history":[{"count":5,"href":"https:\/\/empresesinserciobalears.org\/es\/wp-json\/wp\/v2\/pages\/1127\/revisions"}],"predecessor-version":[{"id":14226,"href":"https:\/\/empresesinserciobalears.org\/es\/wp-json\/wp\/v2\/pages\/1127\/revisions\/14226"}],"wp:featuredmedia":[{"embeddable":true,"href":"https:\/\/empresesinserciobalears.org\/es\/wp-json\/wp\/v2\/media\/1371"}],"wp:attachment":[{"href":"https:\/\/empresesinserciobalears.org\/es\/wp-json\/wp\/v2\/media?parent=1127"}],"curies":[{"name":"wp","href":"https:\/\/api.w.org\/{rel}","templated":true}]}}